{"id":197,"date":"2021-07-01T19:12:52","date_gmt":"2021-07-01T17:12:52","guid":{"rendered":"http:\/\/rueckhof.de\/site\/?page_id=197"},"modified":"2024-11-03T18:29:19","modified_gmt":"2024-11-03T17:29:19","slug":"hof","status":"publish","type":"page","link":"http:\/\/rueckhof.de\/site\/?page_id=197","title":{"rendered":"Unser Hof"},"content":{"rendered":"\n<p class=\"has-white-background-color has-background\" id=\"block-ef4eb699-2de1-492a-8f6d-6a8581c18389\"><strong>Der R\u00fcckhof liegt in Alleinlage direkt am Waldrand und ca. 1,5 km von Neukirchen-Balbini entfernt im sch\u00f6nen Oberpf\u00e4lzer Wald.<\/strong><\/p>\n\n\n\n<p class=\"has-white-background-color has-background\" id=\"block-7f9d19b6-1711-4698-b9e6-d88440cae98d\">Bei uns k\u00f6nnt ihr das Leben auf einem Bauernhof erleben, mithelfen oder einfach nur entspannen und die Ruhe genie\u00dfen.<\/p>\n\n\n\n<figure class=\"wp-block-image\" id=\"block-8c91de0a-53af-45b1-9652-2172994b53a1\"><img decoding=\"async\" src=\"http:\/\/rueckhof.de\/site\/wp-content\/uploads\/2021\/06\/2Z9A6713-1024x683.jpg\" alt=\"Dieses Bild hat ein leeres Alt-Attribut. Der Dateiname ist 2Z9A6713-1024x683.jpg\"\/><\/figure>\n\n\n\n<hr class=\"wp-block-separator has-css-opacity\"\/>\n\n\n\n<p class=\"has-white-background-color has-background\" id=\"block-61b51894-c2dd-4d97-ba9f-8ac14b7ce4fd\"><strong>Tierwohl wird bei uns gro\u00df geschrieben!<\/strong><\/p>\n\n\n\n<p class=\"has-white-background-color has-background\" id=\"block-e22aa861-4669-4998-b9ec-31347cea4cff\">Auf unserem modernen Milchviehbetrieb haben unsere K\u00fche der Rasse Simmentaler Fleckvieh stets freien Zugang zur frischen Luft und werden von drei Melkrobotern der neuesten Generation gemolken. W\u00e4hrend der Sommermonate kann man sie oft auf der gro\u00dfen Weide beobachten. Auch die K\u00e4lber und die F\u00e4rsen leben in luftigen, artgerechten St\u00e4llen und werden bestens von uns versorgt.<\/p>\n\n\n\n<p class=\"has-white-background-color has-background\" id=\"block-45cc7759-22ad-4998-b7ae-a42d3f3cd8ea\">Zudem wird unser Betrieb zu nahezu 100 Prozent durch regenerative Energien versorgt. Neben den Milchk\u00fchen gibt es bei uns noch K\u00e4lber, Ponys und Katzen zu entdecken.<\/p>\n\n\n\n<p class=\"has-white-background-color has-background\" id=\"block-bd982712-f78f-40a2-9a3f-635ba3295c74\">Nat\u00fcrlich passt unser freundlicher Hofhund Maja gut auf den R\u00fcckhof und seine G\u00e4ste auf und freut sich, wenn sie Gro\u00df und Klein mit ihren Kunstst\u00fccken begeistern kann.<\/p>\n\n\n\n<figure class=\"wp-block-image is-resized\" id=\"block-df61f1ef-21b5-4b13-9b51-7b9fa44a286f\"><img decoding=\"async\" src=\"http:\/\/rueckhof.de\/site\/wp-content\/uploads\/2021\/06\/DSCF4614-768x1024.jpg\" alt=\"Dieses Bild hat ein leeres Alt-Attribut. Der Dateiname ist DSCF4614-768x1024.jpg\" style=\"width:612px;height:816px\"\/><\/figure>\n\n\n\n<hr class=\"wp-block-separator has-css-opacity\"\/>\n\n\n\n<figure class=\"wp-block-gallery has-nested-images columns-default is-cropped wp-block-gallery-1 is-layout-flex wp-block-gallery-is-layout-flex\">\n<figure class=\"wp-block-image size-large\"><img decoding=\"async\" src=\"http:\/\/rueckhof.de\/site\/wp-content\/uploads\/2021\/06\/2Z9A6522-1-1024x683.jpg\" alt=\"\"\/><\/figure>\n<\/figure>\n\n\n\n<figure class=\"wp-block-gallery has-nested-images columns-default is-cropped wp-block-gallery-2 is-layout-flex wp-block-gallery-is-layout-flex\">\n<figure class=\"wp-block-image size-large\"><img loading=\"lazy\" decoding=\"async\" width=\"1024\" height=\"767\" data-id=\"71\" src=\"http:\/\/rueckhof.de\/site\/wp-content\/uploads\/2021\/06\/DJI_0237-1-1024x767.jpg\" alt=\"\" class=\"wp-image-71\" srcset=\"http:\/\/rueckhof.de\/site\/wp-content\/uploads\/2021\/06\/DJI_0237-1-1024x767.jpg 1024w, http:\/\/rueckhof.de\/site\/wp-content\/uploads\/2021\/06\/DJI_0237-1-300x225.jpg 300w, http:\/\/rueckhof.de\/site\/wp-content\/uploads\/2021\/06\/DJI_0237-1-768x575.jpg 768w, http:\/\/rueckhof.de\/site\/wp-content\/uploads\/2021\/06\/DJI_0237-1-1536x1150.jpg 1536w, http:\/\/rueckhof.de\/site\/wp-content\/uploads\/2021\/06\/DJI_0237-1-2048x1534.jpg 2048w, http:\/\/rueckhof.de\/site\/wp-content\/uploads\/2021\/06\/DJI_0237-1-1568x1174.jpg 1568w\" sizes=\"auto, (max-width: 1024px) 100vw, 1024px\" \/><\/figure>\n\n\n\n<figure class=\"wp-block-image size-large\"><img loading=\"lazy\" decoding=\"async\" width=\"1024\" height=\"767\" data-id=\"70\" src=\"http:\/\/rueckhof.de\/site\/wp-content\/uploads\/2021\/06\/DJI_0222-1-1024x767.jpg\" alt=\"\" class=\"wp-image-70\" srcset=\"http:\/\/rueckhof.de\/site\/wp-content\/uploads\/2021\/06\/DJI_0222-1-1024x767.jpg 1024w, http:\/\/rueckhof.de\/site\/wp-content\/uploads\/2021\/06\/DJI_0222-1-300x225.jpg 300w, http:\/\/rueckhof.de\/site\/wp-content\/uploads\/2021\/06\/DJI_0222-1-768x575.jpg 768w, http:\/\/rueckhof.de\/site\/wp-content\/uploads\/2021\/06\/DJI_0222-1-1536x1150.jpg 1536w, http:\/\/rueckhof.de\/site\/wp-content\/uploads\/2021\/06\/DJI_0222-1-2048x1534.jpg 2048w, http:\/\/rueckhof.de\/site\/wp-content\/uploads\/2021\/06\/DJI_0222-1-1568x1174.jpg 1568w\" sizes=\"auto, (max-width: 1024px) 100vw, 1024px\" \/><\/figure>\n<\/figure>\n\n\n\n<figure class=\"wp-block-gallery has-nested-images columns-default is-cropped wp-block-gallery-3 is-layout-flex wp-block-gallery-is-layout-flex\">\n<figure class=\"wp-block-image size-large\"><img loading=\"lazy\" decoding=\"async\" width=\"1024\" height=\"768\" data-id=\"174\" src=\"http:\/\/rueckhof.de\/site\/wp-content\/uploads\/2021\/06\/DSCF4901-1024x768.jpg\" alt=\"\" class=\"wp-image-174\" srcset=\"http:\/\/rueckhof.de\/site\/wp-content\/uploads\/2021\/06\/DSCF4901-1024x768.jpg 1024w, http:\/\/rueckhof.de\/site\/wp-content\/uploads\/2021\/06\/DSCF4901-300x225.jpg 300w, http:\/\/rueckhof.de\/site\/wp-content\/uploads\/2021\/06\/DSCF4901-768x576.jpg 768w, http:\/\/rueckhof.de\/site\/wp-content\/uploads\/2021\/06\/DSCF4901-1536x1152.jpg 1536w, http:\/\/rueckhof.de\/site\/wp-content\/uploads\/2021\/06\/DSCF4901-2048x1536.jpg 2048w, http:\/\/rueckhof.de\/site\/wp-content\/uploads\/2021\/06\/DSCF4901-1568x1176.jpg 1568w\" sizes=\"auto, (max-width: 1024px) 100vw, 1024px\" \/><\/figure>\n<\/figure>\n\n\n\n<figure class=\"wp-block-gallery has-nested-images columns-default is-cropped wp-block-gallery-4 is-layout-flex wp-block-gallery-is-layout-flex\">\n<figure class=\"wp-block-image size-large\"><img loading=\"lazy\" decoding=\"async\" width=\"1024\" height=\"682\" data-id=\"143\" src=\"http:\/\/rueckhof.de\/site\/wp-content\/uploads\/2021\/06\/IMG-20180620-WA0005-1024x682.jpg\" alt=\"\" class=\"wp-image-143\" srcset=\"http:\/\/rueckhof.de\/site\/wp-content\/uploads\/2021\/06\/IMG-20180620-WA0005-1024x682.jpg 1024w, http:\/\/rueckhof.de\/site\/wp-content\/uploads\/2021\/06\/IMG-20180620-WA0005-300x200.jpg 300w, http:\/\/rueckhof.de\/site\/wp-content\/uploads\/2021\/06\/IMG-20180620-WA0005-768x512.jpg 768w, http:\/\/rueckhof.de\/site\/wp-content\/uploads\/2021\/06\/IMG-20180620-WA0005-1536x1023.jpg 1536w, http:\/\/rueckhof.de\/site\/wp-content\/uploads\/2021\/06\/IMG-20180620-WA0005-1568x1045.jpg 1568w, http:\/\/rueckhof.de\/site\/wp-content\/uploads\/2021\/06\/IMG-20180620-WA0005.jpg 1600w\" sizes=\"auto, (max-width: 1024px) 100vw, 1024px\" \/><\/figure>\n<\/figure>\n\n\n\n<figure class=\"wp-block-gallery has-nested-images columns-default is-cropped wp-block-gallery-5 is-layout-flex wp-block-gallery-is-layout-flex\">\n<figure class=\"wp-block-image size-large\"><img loading=\"lazy\" decoding=\"async\" width=\"1024\" height=\"682\" data-id=\"140\" src=\"http:\/\/rueckhof.de\/site\/wp-content\/uploads\/2021\/06\/IMG-20180620-WA0002-1024x682.jpg\" alt=\"\" class=\"wp-image-140\" srcset=\"http:\/\/rueckhof.de\/site\/wp-content\/uploads\/2021\/06\/IMG-20180620-WA0002-1024x682.jpg 1024w, http:\/\/rueckhof.de\/site\/wp-content\/uploads\/2021\/06\/IMG-20180620-WA0002-300x200.jpg 300w, http:\/\/rueckhof.de\/site\/wp-content\/uploads\/2021\/06\/IMG-20180620-WA0002-768x512.jpg 768w, http:\/\/rueckhof.de\/site\/wp-content\/uploads\/2021\/06\/IMG-20180620-WA0002-1536x1023.jpg 1536w, http:\/\/rueckhof.de\/site\/wp-content\/uploads\/2021\/06\/IMG-20180620-WA0002-1568x1045.jpg 1568w, http:\/\/rueckhof.de\/site\/wp-content\/uploads\/2021\/06\/IMG-20180620-WA0002.jpg 1600w\" sizes=\"auto, (max-width: 1024px) 100vw, 1024px\" \/><\/figure>\n\n\n\n<figure class=\"wp-block-image size-large\"><img loading=\"lazy\" decoding=\"async\" width=\"1024\" height=\"682\" data-id=\"141\" src=\"http:\/\/rueckhof.de\/site\/wp-content\/uploads\/2021\/06\/IMG-20180620-WA0003-1024x682.jpg\" alt=\"\" class=\"wp-image-141\" srcset=\"http:\/\/rueckhof.de\/site\/wp-content\/uploads\/2021\/06\/IMG-20180620-WA0003-1024x682.jpg 1024w, http:\/\/rueckhof.de\/site\/wp-content\/uploads\/2021\/06\/IMG-20180620-WA0003-300x200.jpg 300w, http:\/\/rueckhof.de\/site\/wp-content\/uploads\/2021\/06\/IMG-20180620-WA0003-768x512.jpg 768w, http:\/\/rueckhof.de\/site\/wp-content\/uploads\/2021\/06\/IMG-20180620-WA0003-1536x1023.jpg 1536w, http:\/\/rueckhof.de\/site\/wp-content\/uploads\/2021\/06\/IMG-20180620-WA0003-1568x1045.jpg 1568w, http:\/\/rueckhof.de\/site\/wp-content\/uploads\/2021\/06\/IMG-20180620-WA0003.jpg 1600w\" sizes=\"auto, (max-width: 1024px) 100vw, 1024px\" \/><\/figure>\n\n\n\n<figure class=\"wp-block-image size-large\"><img loading=\"lazy\" decoding=\"async\" width=\"1024\" height=\"682\" data-id=\"142\" src=\"http:\/\/rueckhof.de\/site\/wp-content\/uploads\/2021\/06\/IMG-20180620-WA0004-1024x682.jpg\" alt=\"\" class=\"wp-image-142\" srcset=\"http:\/\/rueckhof.de\/site\/wp-content\/uploads\/2021\/06\/IMG-20180620-WA0004-1024x682.jpg 1024w, http:\/\/rueckhof.de\/site\/wp-content\/uploads\/2021\/06\/IMG-20180620-WA0004-300x200.jpg 300w, http:\/\/rueckhof.de\/site\/wp-content\/uploads\/2021\/06\/IMG-20180620-WA0004-768x512.jpg 768w, http:\/\/rueckhof.de\/site\/wp-content\/uploads\/2021\/06\/IMG-20180620-WA0004-1536x1023.jpg 1536w, http:\/\/rueckhof.de\/site\/wp-content\/uploads\/2021\/06\/IMG-20180620-WA0004-1568x1045.jpg 1568w, http:\/\/rueckhof.de\/site\/wp-content\/uploads\/2021\/06\/IMG-20180620-WA0004.jpg 1600w\" sizes=\"auto, (max-width: 1024px) 100vw, 1024px\" \/><\/figure>\n<\/figure>\n\n\n\n<figure class=\"wp-block-gallery has-nested-images columns-default is-cropped wp-block-gallery-6 is-layout-flex wp-block-gallery-is-layout-flex\">\n<figure class=\"wp-block-image size-large\"><img loading=\"lazy\" decoding=\"async\" width=\"768\" height=\"1024\" data-id=\"218\" src=\"http:\/\/rueckhof.de\/site\/wp-content\/uploads\/2021\/07\/20180427_114314-1-768x1024.jpg\" alt=\"\" class=\"wp-image-218\" srcset=\"http:\/\/rueckhof.de\/site\/wp-content\/uploads\/2021\/07\/20180427_114314-1-768x1024.jpg 768w, http:\/\/rueckhof.de\/site\/wp-content\/uploads\/2021\/07\/20180427_114314-1-225x300.jpg 225w, http:\/\/rueckhof.de\/site\/wp-content\/uploads\/2021\/07\/20180427_114314-1-1152x1536.jpg 1152w, http:\/\/rueckhof.de\/site\/wp-content\/uploads\/2021\/07\/20180427_114314-1-1536x2048.jpg 1536w, http:\/\/rueckhof.de\/site\/wp-content\/uploads\/2021\/07\/20180427_114314-1-1568x2091.jpg 1568w, http:\/\/rueckhof.de\/site\/wp-content\/uploads\/2021\/07\/20180427_114314-1-scaled.jpg 1920w\" sizes=\"auto, (max-width: 768px) 100vw, 768px\" \/><\/figure>\n\n\n\n<figure class=\"wp-block-image size-large\"><img loading=\"lazy\" decoding=\"async\" width=\"768\" height=\"1024\" data-id=\"219\" src=\"http:\/\/rueckhof.de\/site\/wp-content\/uploads\/2021\/07\/20180504_152853-768x1024.jpg\" alt=\"\" class=\"wp-image-219\" srcset=\"http:\/\/rueckhof.de\/site\/wp-content\/uploads\/2021\/07\/20180504_152853-768x1024.jpg 768w, http:\/\/rueckhof.de\/site\/wp-content\/uploads\/2021\/07\/20180504_152853-225x300.jpg 225w, http:\/\/rueckhof.de\/site\/wp-content\/uploads\/2021\/07\/20180504_152853-1152x1536.jpg 1152w, http:\/\/rueckhof.de\/site\/wp-content\/uploads\/2021\/07\/20180504_152853-1536x2048.jpg 1536w, http:\/\/rueckhof.de\/site\/wp-content\/uploads\/2021\/07\/20180504_152853-1568x2091.jpg 1568w, http:\/\/rueckhof.de\/site\/wp-content\/uploads\/2021\/07\/20180504_152853-scaled.jpg 1920w\" sizes=\"auto, (max-width: 768px) 100vw, 768px\" \/><\/figure>\n<\/figure>\n","protected":false},"excerpt":{"rendered":"<p>Der R\u00fcckhof liegt in Alleinlage direkt am Waldrand und ca. 1,5 km von Neukirchen-Balbini entfernt im sch\u00f6nen Oberpf\u00e4lzer Wald. Bei uns k\u00f6nnt ihr das Leben auf einem Bauernhof erleben, mithelfen oder einfach nur entspannen und die Ruhe genie\u00dfen. Tierwohl wird bei uns gro\u00df geschrieben! Auf unserem modernen Milchviehbetrieb haben unsere K\u00fche der Rasse Simmentaler Fleckvieh&hellip; <a class=\"more-link\" href=\"http:\/\/rueckhof.de\/site\/?page_id=197\"><span class=\"screen-reader-text\">Unser Hof<\/span> weiterlesen<\/a><\/p>\n","protected":false},"author":1,"featured_media":0,"parent":0,"menu_order":0,"comment_status":"closed","ping_status":"closed","template":"","meta":{"footnotes":""},"class_list":["post-197","page","type-page","status-publish","hentry","entry"],"_links":{"self":[{"href":"http:\/\/rueckhof.de\/site\/index.php?rest_route=\/wp\/v2\/pages\/197","targetHints":{"allow":["GET"]}}],"collection":[{"href":"http:\/\/rueckhof.de\/site\/index.php?rest_route=\/wp\/v2\/pages"}],"about":[{"href":"http:\/\/rueckhof.de\/site\/index.php?rest_route=\/wp\/v2\/types\/page"}],"author":[{"embeddable":true,"href":"http:\/\/rueckhof.de\/site\/index.php?rest_route=\/wp\/v2\/users\/1"}],"replies":[{"embeddable":true,"href":"http:\/\/rueckhof.de\/site\/index.php?rest_route=%2Fwp%2Fv2%2Fcomments&post=197"}],"version-history":[{"count":6,"href":"http:\/\/rueckhof.de\/site\/index.php?rest_route=\/wp\/v2\/pages\/197\/revisions"}],"predecessor-version":[{"id":287,"href":"http:\/\/rueckhof.de\/site\/index.php?rest_route=\/wp\/v2\/pages\/197\/revisions\/287"}],"wp:attachment":[{"href":"http:\/\/rueckhof.de\/site\/index.php?rest_route=%2Fwp%2Fv2%2Fmedia&parent=197"}],"curies":[{"name":"wp","href":"https:\/\/api.w.org\/{rel}","templated":true}]}}