{"id":31,"date":"2021-06-25T22:06:53","date_gmt":"2021-06-25T20:06:53","guid":{"rendered":"http:\/\/rueckhof.de\/site\/?page_id=31"},"modified":"2024-11-03T18:30:21","modified_gmt":"2024-11-03T17:30:21","slug":"unser-ferienhaus","status":"publish","type":"page","link":"http:\/\/rueckhof.de\/site\/?page_id=31","title":{"rendered":"Ferienhaus"},"content":{"rendered":"\n<p class=\"has-white-background-color has-background\">Das Ferienhaus befindet sich in unmittelbarer N\u00e4he zum Wohnhaus, mit gro\u00dfer, \u00fcberdachter und eingez\u00e4unter Terrasse und sch\u00f6nem Blick \u00fcber Wiesen und Felder. Es ist etwa 60 qm gro\u00df, besteht aus Wohnk\u00fcche mit Flachbildfernseher, zwei Schlafzimmern, Dusche\/WC und ist f\u00fcr max. 5 Personen geeignet. WLAN f\u00fcr alle G\u00e4ste steht zur freien Verf\u00fcgung!<\/p>\n\n\n\n<div class=\"wp-block-columns is-layout-flex wp-container-core-columns-is-layout-9d6595d7 wp-block-columns-is-layout-flex\">\n<div class=\"wp-block-column is-layout-flow wp-block-column-is-layout-flow\"><\/div>\n\n\n\n<div class=\"wp-block-column is-layout-flow wp-block-column-is-layout-flow\"><\/div>\n\n\n\n<div class=\"wp-block-column is-layout-flow wp-block-column-is-layout-flow\"><\/div>\n<\/div>\n\n\n\n<hr class=\"wp-block-separator has-css-opacity\"\/>\n\n\n\n<figure class=\"wp-block-gallery has-nested-images columns-default is-cropped wp-block-gallery-1 is-layout-flex wp-block-gallery-is-layout-flex\">\n<figure class=\"wp-block-image size-large\"><img loading=\"lazy\" decoding=\"async\" width=\"768\" height=\"1024\" data-id=\"124\" src=\"http:\/\/rueckhof.de\/site\/wp-content\/uploads\/2021\/06\/20180106_145242-1-768x1024.jpg\" alt=\"\" class=\"wp-image-124\" srcset=\"http:\/\/rueckhof.de\/site\/wp-content\/uploads\/2021\/06\/20180106_145242-1-768x1024.jpg 768w, http:\/\/rueckhof.de\/site\/wp-content\/uploads\/2021\/06\/20180106_145242-1-225x300.jpg 225w, http:\/\/rueckhof.de\/site\/wp-content\/uploads\/2021\/06\/20180106_145242-1-1152x1536.jpg 1152w, http:\/\/rueckhof.de\/site\/wp-content\/uploads\/2021\/06\/20180106_145242-1-1536x2048.jpg 1536w, http:\/\/rueckhof.de\/site\/wp-content\/uploads\/2021\/06\/20180106_145242-1-1568x2091.jpg 1568w, http:\/\/rueckhof.de\/site\/wp-content\/uploads\/2021\/06\/20180106_145242-1-scaled.jpg 1920w\" sizes=\"auto, (max-width: 768px) 100vw, 768px\" \/><figcaption class=\"wp-element-caption\">K\u00fcche<\/figcaption><\/figure>\n\n\n\n<figure class=\"wp-block-image size-large\"><img loading=\"lazy\" decoding=\"async\" width=\"768\" height=\"1024\" data-id=\"123\" src=\"http:\/\/rueckhof.de\/site\/wp-content\/uploads\/2021\/06\/20180106_144628-768x1024.jpg\" alt=\"\" class=\"wp-image-123\" srcset=\"http:\/\/rueckhof.de\/site\/wp-content\/uploads\/2021\/06\/20180106_144628-768x1024.jpg 768w, http:\/\/rueckhof.de\/site\/wp-content\/uploads\/2021\/06\/20180106_144628-225x300.jpg 225w, http:\/\/rueckhof.de\/site\/wp-content\/uploads\/2021\/06\/20180106_144628-1152x1536.jpg 1152w, http:\/\/rueckhof.de\/site\/wp-content\/uploads\/2021\/06\/20180106_144628-1536x2048.jpg 1536w, http:\/\/rueckhof.de\/site\/wp-content\/uploads\/2021\/06\/20180106_144628-1568x2091.jpg 1568w, http:\/\/rueckhof.de\/site\/wp-content\/uploads\/2021\/06\/20180106_144628-scaled.jpg 1920w\" sizes=\"auto, (max-width: 768px) 100vw, 768px\" \/><figcaption class=\"wp-element-caption\">Essen<\/figcaption><\/figure>\n\n\n\n<figure class=\"wp-block-image size-large\"><img loading=\"lazy\" decoding=\"async\" width=\"768\" height=\"1024\" data-id=\"122\" src=\"http:\/\/rueckhof.de\/site\/wp-content\/uploads\/2021\/06\/20180106_145055-768x1024.jpg\" alt=\"\" class=\"wp-image-122\" srcset=\"http:\/\/rueckhof.de\/site\/wp-content\/uploads\/2021\/06\/20180106_145055-768x1024.jpg 768w, http:\/\/rueckhof.de\/site\/wp-content\/uploads\/2021\/06\/20180106_145055-225x300.jpg 225w, http:\/\/rueckhof.de\/site\/wp-content\/uploads\/2021\/06\/20180106_145055-1152x1536.jpg 1152w, http:\/\/rueckhof.de\/site\/wp-content\/uploads\/2021\/06\/20180106_145055-1536x2048.jpg 1536w, http:\/\/rueckhof.de\/site\/wp-content\/uploads\/2021\/06\/20180106_145055-1568x2091.jpg 1568w, http:\/\/rueckhof.de\/site\/wp-content\/uploads\/2021\/06\/20180106_145055-scaled.jpg 1920w\" sizes=\"auto, (max-width: 768px) 100vw, 768px\" \/><figcaption class=\"wp-element-caption\">Wohnen<\/figcaption><\/figure>\n\n\n\n<figure class=\"wp-block-image size-large\"><img loading=\"lazy\" decoding=\"async\" width=\"768\" height=\"1024\" data-id=\"121\" src=\"http:\/\/rueckhof.de\/site\/wp-content\/uploads\/2021\/06\/gedreht_1-768x1024.jpg\" alt=\"\" class=\"wp-image-121\" srcset=\"http:\/\/rueckhof.de\/site\/wp-content\/uploads\/2021\/06\/gedreht_1-768x1024.jpg 768w, http:\/\/rueckhof.de\/site\/wp-content\/uploads\/2021\/06\/gedreht_1-225x300.jpg 225w, http:\/\/rueckhof.de\/site\/wp-content\/uploads\/2021\/06\/gedreht_1-1152x1536.jpg 1152w, http:\/\/rueckhof.de\/site\/wp-content\/uploads\/2021\/06\/gedreht_1-1536x2048.jpg 1536w, http:\/\/rueckhof.de\/site\/wp-content\/uploads\/2021\/06\/gedreht_1-1568x2091.jpg 1568w, http:\/\/rueckhof.de\/site\/wp-content\/uploads\/2021\/06\/gedreht_1-scaled.jpg 1920w\" sizes=\"auto, (max-width: 768px) 100vw, 768px\" \/><figcaption class=\"wp-element-caption\">Schlafzimmer mit Boxspringbett<\/figcaption><\/figure>\n\n\n\n<figure class=\"wp-block-image size-large\"><img loading=\"lazy\" decoding=\"async\" width=\"768\" height=\"1024\" data-id=\"120\" src=\"http:\/\/rueckhof.de\/site\/wp-content\/uploads\/2021\/06\/20180106_144601-768x1024.jpg\" alt=\"\" class=\"wp-image-120\" srcset=\"http:\/\/rueckhof.de\/site\/wp-content\/uploads\/2021\/06\/20180106_144601-768x1024.jpg 768w, http:\/\/rueckhof.de\/site\/wp-content\/uploads\/2021\/06\/20180106_144601-225x300.jpg 225w, http:\/\/rueckhof.de\/site\/wp-content\/uploads\/2021\/06\/20180106_144601-1152x1536.jpg 1152w, http:\/\/rueckhof.de\/site\/wp-content\/uploads\/2021\/06\/20180106_144601-1536x2048.jpg 1536w, http:\/\/rueckhof.de\/site\/wp-content\/uploads\/2021\/06\/20180106_144601-1568x2091.jpg 1568w, http:\/\/rueckhof.de\/site\/wp-content\/uploads\/2021\/06\/20180106_144601-scaled.jpg 1920w\" sizes=\"auto, (max-width: 768px) 100vw, 768px\" \/><figcaption class=\"wp-element-caption\">Schlafzimmer 2<\/figcaption><\/figure>\n\n\n\n<figure class=\"wp-block-image size-large\"><img loading=\"lazy\" decoding=\"async\" width=\"255\" height=\"178\" data-id=\"125\" src=\"http:\/\/rueckhof.de\/site\/wp-content\/uploads\/2021\/06\/ferienhaus-fertig-255pixel-1.jpg\" alt=\"\" class=\"wp-image-125\"\/><\/figure>\n\n\n\n<figure class=\"wp-block-image size-large\"><img loading=\"lazy\" decoding=\"async\" width=\"250\" height=\"188\" data-id=\"126\" src=\"http:\/\/rueckhof.de\/site\/wp-content\/uploads\/2021\/06\/dusche-1-2.jpg\" alt=\"\" class=\"wp-image-126\"\/><figcaption class=\"wp-element-caption\">Badezimmer<\/figcaption><\/figure>\n\n\n\n<figure class=\"wp-block-image size-large\"><img loading=\"lazy\" decoding=\"async\" width=\"255\" height=\"191\" data-id=\"118\" src=\"http:\/\/rueckhof.de\/site\/wp-content\/uploads\/2021\/06\/terasse-klein.jpg\" alt=\"\" class=\"wp-image-118\"\/><figcaption class=\"wp-element-caption\">\u00dcberdachte Terrasse<\/figcaption><\/figure>\n<\/figure>\n\n\n\n<hr class=\"wp-block-separator has-css-opacity\"\/>\n\n\n\n<div class=\"wp-block-columns is-layout-flex wp-container-core-columns-is-layout-9d6595d7 wp-block-columns-is-layout-flex\">\n<div class=\"wp-block-column is-layout-flow wp-block-column-is-layout-flow\">\n<p class=\"has-white-background-color has-background\"><strong>Ess- und Wohnraum<\/strong><\/p>\n\n\n\n<p class=\"has-white-background-color has-background\">Der Ess- und Wohnraum ist in zwei Bereiche aufgeteilt: Eine Essecke in der ihr gem\u00fctlich zusammensitzen und gleichzeitig einen wunderbaren Blick aus dem Fenster auf unsere gr\u00fcne Landschaft genie\u00dfen k\u00f6nnt sowie eine bequeme Couchecke, in der ihr entspannen oder auch das Lieblings-TV-Programm \u00fcber Satellit empfangen k\u00f6nnen.<\/p>\n<\/div>\n\n\n\n<div class=\"wp-block-column is-layout-flow wp-block-column-is-layout-flow\">\n<p class=\"has-white-background-color has-background\"><strong>K\u00fcche<\/strong><\/p>\n\n\n\n<p class=\"has-white-background-color has-background\">Die gro\u00dfz\u00fcgige und lichtdurchflutete K\u00fcche bietet viel Platz und&nbsp;ist komplett ausgestattet, damit es an nichts fehlt. Ein E-Herd, eine Sp\u00fclmaschine, eine Mikrowelle, ein Wasserkocher, ein Toaster sowie eine Kaffeemaschine sind vorhanden.<\/p>\n<\/div>\n<\/div>\n\n\n\n<hr class=\"wp-block-separator has-css-opacity\"\/>\n\n\n\n<div class=\"wp-block-columns is-layout-flex wp-container-core-columns-is-layout-9d6595d7 wp-block-columns-is-layout-flex\">\n<div class=\"wp-block-column is-layout-flow wp-block-column-is-layout-flow\">\n<p class=\"has-white-background-color has-background\"><strong>Schlafzimmer<\/strong><\/p>\n\n\n\n<p class=\"has-white-background-color has-background\">Das Ferienhaus verf\u00fcgt \u00fcber zwei gro\u00dfz\u00fcgig geschnittene und helle Schlafzimmer die mit viel Liebe zum Detail eingerichtet sind. In beiden Schlafzimmern befindet sich ein gro\u00dfes Doppelbett.&nbsp;Ein Kinderbett sowie ein Kinderhochstuhl stehen Euch bei Bedarf zur Verf\u00fcgung. Bei Bedarf kann eine f\u00fcnfte Person im Wohnbereich die Ausziehcouch nutzen.<\/p>\n<\/div>\n\n\n\n<div class=\"wp-block-column is-layout-flow wp-block-column-is-layout-flow\">\n<p class=\"has-white-background-color has-background\"><strong>Badezimmer<\/strong><\/p>\n\n\n\n<p class=\"has-white-background-color has-background\">Das helle Badezimmer ist mit einem Waschtisch, einem WC sowie einer begehbaren Dusche ausgestattet. <\/p>\n\n\n\n<p class=\"has-white-background-color has-background\">Bei Bedarf k\u00f6nnt ihr auch eine Waschmaschine nutzen.<\/p>\n<\/div>\n<\/div>\n\n\n\n<p class=\"has-white-background-color has-background\">Gerne kann unsere frische Rohmilch probiert werden. Frischer und regionaler geht&#8217;s nicht!<\/p>\n\n\n\n<div class=\"wp-block-columns is-layout-flex wp-container-core-columns-is-layout-9d6595d7 wp-block-columns-is-layout-flex\">\n<div class=\"wp-block-column is-layout-flow wp-block-column-is-layout-flow\">\n<figure class=\"wp-block-gallery has-nested-images columns-default is-cropped wp-block-gallery-2 is-layout-flex wp-block-gallery-is-layout-flex\">\n<figure class=\"wp-block-image size-large\"><img loading=\"lazy\" decoding=\"async\" width=\"768\" height=\"1024\" data-id=\"173\" src=\"http:\/\/rueckhof.de\/site\/wp-content\/uploads\/2021\/06\/DSCF4877-768x1024.jpg\" alt=\"\" class=\"wp-image-173\" srcset=\"http:\/\/rueckhof.de\/site\/wp-content\/uploads\/2021\/06\/DSCF4877-768x1024.jpg 768w, http:\/\/rueckhof.de\/site\/wp-content\/uploads\/2021\/06\/DSCF4877-225x300.jpg 225w, http:\/\/rueckhof.de\/site\/wp-content\/uploads\/2021\/06\/DSCF4877-1152x1536.jpg 1152w, http:\/\/rueckhof.de\/site\/wp-content\/uploads\/2021\/06\/DSCF4877-1536x2048.jpg 1536w, http:\/\/rueckhof.de\/site\/wp-content\/uploads\/2021\/06\/DSCF4877-1568x2091.jpg 1568w, http:\/\/rueckhof.de\/site\/wp-content\/uploads\/2021\/06\/DSCF4877-scaled.jpg 1920w\" sizes=\"auto, (max-width: 768px) 100vw, 768px\" \/><\/figure>\n<\/figure>\n<\/div>\n\n\n\n<div class=\"wp-block-column is-layout-flow wp-block-column-is-layout-flow\">\n<figure class=\"wp-block-gallery has-nested-images columns-default is-cropped wp-block-gallery-3 is-layout-flex wp-block-gallery-is-layout-flex\"><\/figure>\n<\/div>\n<\/div>\n\n\n\n<div class=\"wp-block-columns is-layout-flex wp-container-core-columns-is-layout-9d6595d7 wp-block-columns-is-layout-flex\">\n<div class=\"wp-block-column is-layout-flow wp-block-column-is-layout-flow\"><\/div>\n\n\n\n<div class=\"wp-block-column is-layout-flow wp-block-column-is-layout-flow\"><\/div>\n\n\n\n<div class=\"wp-block-column is-layout-flow wp-block-column-is-layout-flow\"><\/div>\n<\/div>\n\n\n\n<figure class=\"wp-block-image size-large\"><img loading=\"lazy\" decoding=\"async\" width=\"1024\" height=\"764\" src=\"http:\/\/rueckhof.de\/site\/wp-content\/uploads\/2024\/08\/grundriss_ferienhaus-1-1024x764.jpg\" alt=\"\" class=\"wp-image-284\" srcset=\"http:\/\/rueckhof.de\/site\/wp-content\/uploads\/2024\/08\/grundriss_ferienhaus-1-1024x764.jpg 1024w, http:\/\/rueckhof.de\/site\/wp-content\/uploads\/2024\/08\/grundriss_ferienhaus-1-300x224.jpg 300w, http:\/\/rueckhof.de\/site\/wp-content\/uploads\/2024\/08\/grundriss_ferienhaus-1-768x573.jpg 768w, http:\/\/rueckhof.de\/site\/wp-content\/uploads\/2024\/08\/grundriss_ferienhaus-1-1536x1145.jpg 1536w, http:\/\/rueckhof.de\/site\/wp-content\/uploads\/2024\/08\/grundriss_ferienhaus-1-2048x1527.jpg 2048w, http:\/\/rueckhof.de\/site\/wp-content\/uploads\/2024\/08\/grundriss_ferienhaus-1-1568x1169.jpg 1568w\" sizes=\"auto, (max-width: 1024px) 100vw, 1024px\" \/><\/figure>\n\n\n\n<ul class=\"wp-block-list has-white-background-color has-background\">\n<li>Garten mit Liegewiese<\/li>\n\n\n\n<li>Grillm\u00f6glichkeit \/ Lagerfeuer<\/li>\n\n\n\n<li>Pavillon<\/li>\n\n\n\n<li>Fischteich zum Angeln (kostenlos)<\/li>\n\n\n\n<li>Im Sommer: Badeteich direkt neben dem Hof<\/li>\n\n\n\n<li>Im Winter: Rodelhang gleich hinter dem Haus<\/li>\n<\/ul>\n\n\n\n<p><\/p>\n\n\n\n<h2 class=\"wp-block-heading has-extra-large-font-size\"><\/h2>\n\n\n\n<p class=\"has-extra-large-font-size\">Preise f\u00fcr 2025<\/p>\n\n\n\n<p class=\"has-extra-large-font-size\">Ferienhaus (max. 5 Personen) ***<\/p>\n\n\n\n<figure class=\"wp-block-table is-style-regular\"><table class=\"has-background\" style=\"background-color:#f3f4f5\"><tbody><tr><td>&nbsp;<img loading=\"lazy\" decoding=\"async\" width=\"200\" height=\"164\" alt=\"\" src=\"http:\/\/rueckhof.de\/web\/media\/Fotos\/ferienhaus-klein.jpg\"><\/td><td>Hauptsaison&nbsp;<br><\/td><td>Nebensaison&nbsp;<br><\/td><\/tr><tr><td>Ferienhaus&nbsp;<br>(Preis bis 4 Personen)<\/td><td>&nbsp;80,00 EUR\/Tag<\/td><td>70,00 EUR\/Tag&nbsp;<\/td><\/tr><tr><td>Zuschlag f\u00fcr <br>die&nbsp;5. Person<\/td><td>&nbsp;10,00 EUR\/Tag<\/td><td>10,00 EUR\/Tag&nbsp;<\/td><\/tr><tr><td>Ferienhaus<br>(Preis bis 2 Personen)<\/td><td>&nbsp;65,00 EUR\/Tag<\/td><td>55,00 EUR\/Tag&nbsp;<\/td><\/tr><tr><td>Zuschlag f\u00fcr Hund<\/td><td>&nbsp;10,00 EUR\/Tag<\/td><td>&nbsp;10,00 EUR\/Tag<\/td><\/tr><\/tbody><\/table><\/figure>\n\n\n\n<ul class=\"wp-block-list has-white-background-color has-background\">\n<li>Der Mindestaufenthalt betr\u00e4gt w\u00e4hrend der Ferienzeiten 7 N\u00e4chte, au\u00dferhalb der Ferienzeiten 3 N\u00e4chte. Andere Zeiten immer nach Absprache.<\/li>\n\n\n\n<li>Die Betten sind bei Ankunft bereits bezogen, Hand-, Dusch- und Geschirrt\u00fccher sind gegen Geb\u00fchr vorhanden.<\/li>\n\n\n\n<li>Das Ferienhaus kann am Anreisetag ab 15 Uhr bezogen werden. Am Abreisetag bitten wir das Haus bis sp\u00e4testens 10 Uhr zu verlassen. Andere Zeiten sind nach Absprache nat\u00fcrlich oft m\u00f6glich.<\/li>\n<\/ul>\n\n\n\n<div class=\"wp-block-group\"><div class=\"wp-block-group__inner-container is-layout-constrained wp-block-group-is-layout-constrained\"><\/div><\/div>\n","protected":false},"excerpt":{"rendered":"<p>Das Ferienhaus befindet sich in unmittelbarer N\u00e4he zum Wohnhaus, mit gro\u00dfer, \u00fcberdachter und eingez\u00e4unter Terrasse und sch\u00f6nem Blick \u00fcber Wiesen und Felder. Es ist etwa 60 qm gro\u00df, besteht aus Wohnk\u00fcche mit Flachbildfernseher, zwei Schlafzimmern, Dusche\/WC und ist f\u00fcr max. 5 Personen geeignet. WLAN f\u00fcr alle G\u00e4ste steht zur freien Verf\u00fcgung! Ess- und Wohnraum Der&hellip; <a class=\"more-link\" href=\"http:\/\/rueckhof.de\/site\/?page_id=31\"><span class=\"screen-reader-text\">Ferienhaus<\/span> weiterlesen<\/a><\/p>\n","protected":false},"author":1,"featured_media":0,"parent":0,"menu_order":0,"comment_status":"closed","ping_status":"closed","template":"","meta":{"footnotes":""},"class_list":["post-31","page","type-page","status-publish","hentry","entry"],"_links":{"self":[{"href":"http:\/\/rueckhof.de\/site\/index.php?rest_route=\/wp\/v2\/pages\/31","targetHints":{"allow":["GET"]}}],"collection":[{"href":"http:\/\/rueckhof.de\/site\/index.php?rest_route=\/wp\/v2\/pages"}],"about":[{"href":"http:\/\/rueckhof.de\/site\/index.php?rest_route=\/wp\/v2\/types\/page"}],"author":[{"embeddable":true,"href":"http:\/\/rueckhof.de\/site\/index.php?rest_route=\/wp\/v2\/users\/1"}],"replies":[{"embeddable":true,"href":"http:\/\/rueckhof.de\/site\/index.php?rest_route=%2Fwp%2Fv2%2Fcomments&post=31"}],"version-history":[{"count":10,"href":"http:\/\/rueckhof.de\/site\/index.php?rest_route=\/wp\/v2\/pages\/31\/revisions"}],"predecessor-version":[{"id":288,"href":"http:\/\/rueckhof.de\/site\/index.php?rest_route=\/wp\/v2\/pages\/31\/revisions\/288"}],"wp:attachment":[{"href":"http:\/\/rueckhof.de\/site\/index.php?rest_route=%2Fwp%2Fv2%2Fmedia&parent=31"}],"curies":[{"name":"wp","href":"https:\/\/api.w.org\/{rel}","templated":true}]}}