{"id":5,"date":"2021-06-25T21:57:49","date_gmt":"2021-06-25T19:57:49","guid":{"rendered":"http:\/\/rueckhof.de\/site\/?page_id=5"},"modified":"2021-07-12T08:50:34","modified_gmt":"2021-07-12T06:50:34","slug":"gestalte-deine-website-mit-bloecken","status":"publish","type":"page","link":"http:\/\/rueckhof.de\/site\/","title":{"rendered":"Urlaub auf dem R\u00fcckhof"},"content":{"rendered":"\n<h2 class=\"alignwide has-text-align-wide has-huge-font-size wp-block-heading\" style=\"line-height:1.1\">Urlaub auf dem R\u00fcckhof<\/h2>\n\n\n\n<div style=\"height:100px\" aria-hidden=\"true\" class=\"wp-block-spacer\"><\/div>\n\n\n\n<div class=\"wp-block-group alignwide is-style-default\"><div class=\"wp-block-group__inner-container is-layout-flow wp-block-group-is-layout-flow\">\n<div class=\"wp-block-columns alignwide is-style-default is-layout-flex wp-container-core-columns-is-layout-9d6595d7 wp-block-columns-is-layout-flex\">\n<div class=\"wp-block-column is-layout-flow wp-block-column-is-layout-flow\">\n<div style=\"height:442px\" aria-hidden=\"true\" class=\"wp-block-spacer\"><\/div>\n\n\n\n<p class=\"has-white-background-color has-background\">Herzlich Willkommen auf dem R\u00fcckhof!<\/p>\n\n\n\n<p class=\"has-white-background-color has-background\">Genie\u00dft&nbsp;die idyllische Landschaft auf unserem Bauernhof mit saftig gr\u00fcnen Wiesen und einen herrlichen Blick auf die sanften H\u00fcgel. Die sonnige und ruhige Lage lassen Euch Stress vergessen und Erholung finden. Wir laden Euch ein, moderne und zeitgem\u00e4\u00dfe Landwirtschaft hautnah zu erleben und gleichzeitig fernab von L\u00e4rm und Hektik eine wohltuende Auszeit zu genie\u00dfen.<\/p>\n<\/div>\n<\/div>\n\n\n\n<div style=\"height:50px\" aria-hidden=\"true\" class=\"wp-block-spacer\"><\/div>\n<\/div><\/div>\n\n\n\n<div class=\"wp-block-columns alignwide are-vertically-aligned-top is-layout-flex wp-container-core-columns-is-layout-9d6595d7 wp-block-columns-is-layout-flex\">\n<div class=\"wp-block-column is-vertically-aligned-top is-layout-flow wp-block-column-is-layout-flow\">\n<h3 class=\"has-white-background-color has-background wp-block-heading\"><a href=\"http:\/\/rueckhof.de\/site\/ueber-uns\/hof\/\" data-type=\"URL\" data-id=\"http:\/\/rueckhof.de\/site\/ueber-uns\/hof\/\">Unser Hof<\/a><\/h3>\n\n\n\n<div class=\"wp-block-group\"><div class=\"wp-block-group__inner-container is-layout-flow wp-block-group-is-layout-flow\">\n<p class=\"has-white-background-color has-background\">Unser Hof ist ein Milchviehbetrieb. Wir liegen etwa 1,5 km von Neukirchen-Balbini entfernt. In absoluter Alleinlage k\u00f6nnt ihr hier auf unserem Hof die Ruhe und die malerische Natur in vollen Z\u00fcgen genie\u00dfen. Wir freuen uns, Euch bald bei uns begr\u00fc\u00dfen zu d\u00fcrfen!<\/p>\n<\/div><\/div>\n\n\n\n<p class=\"has-white-background-color has-background has-large-font-size\" style=\"line-height:1\">Eure Familie Decker<\/p>\n<\/div>\n\n\n\n<div class=\"wp-block-column is-vertically-aligned-top is-layout-flow wp-block-column-is-layout-flow\">\n<h3 class=\"has-white-background-color has-background wp-block-heading\"><a href=\"http:\/\/rueckhof.de\/site\/unser-ferienhaus\/\">Das Ferienhaus<\/a><\/h3>\n\n\n\n<p class=\"has-white-background-color has-background\">Unser Ferienhaus mit drei Sternen ist hell und freundlich eingerichtet mit einem einzigartigen, malerischen Ausblick auf unsere gr\u00fcne Landschaft. Modern und mit Liebe zum Detail eingerichtet bieten wir Komfort, Entspannung und Wohlf\u00fchlmomente f\u00fcr die ganze Familie.<\/p>\n<\/div>\n\n\n\n<div class=\"wp-block-column is-vertically-aligned-top is-layout-flow wp-block-column-is-layout-flow\">\n<h3 class=\"has-white-background-color has-background wp-block-heading\"><a href=\"http:\/\/rueckhof.de\/site\/freizeit\/\">Freizeit<\/a><\/h3>\n\n\n\n<p class=\"has-white-background-color has-background\">Der Oberpf\u00e4lzer Wald und der Bayerische Wald bieten viele Ausflugsziele f\u00fcr die ganze Familie. In unmittelbarer N\u00e4he von unserem Bauernhof k\u00f6nnt ihr wunderbare Spazierg\u00e4nge machen, ausgiebige Wanderungen vornehmen, das sch\u00f6ne Umland mit dem Fahrrad erkunden oder einfach nur die Seele baumeln lassen.<\/p>\n<\/div>\n<\/div>\n\n\n\n<hr class=\"wp-block-separator\"\/>\n\n\n\n<p><\/p>\n","protected":false},"excerpt":{"rendered":"<p>Urlaub auf dem R\u00fcckhof Herzlich Willkommen auf dem R\u00fcckhof! Genie\u00dft&nbsp;die idyllische Landschaft auf unserem Bauernhof mit saftig gr\u00fcnen Wiesen und einen herrlichen Blick auf die sanften H\u00fcgel. Die sonnige und ruhige Lage lassen Euch Stress vergessen und Erholung finden. Wir laden Euch ein, moderne und zeitgem\u00e4\u00dfe Landwirtschaft hautnah zu erleben und gleichzeitig fernab von L\u00e4rm&hellip; <a class=\"more-link\" href=\"http:\/\/rueckhof.de\/site\/\"><span class=\"screen-reader-text\">Urlaub auf dem R\u00fcckhof<\/span> weiterlesen<\/a><\/p>\n","protected":false},"author":1,"featured_media":0,"parent":0,"menu_order":0,"comment_status":"closed","ping_status":"closed","template":"","meta":{"footnotes":""},"class_list":["post-5","page","type-page","status-publish","hentry","entry"],"_links":{"self":[{"href":"http:\/\/rueckhof.de\/site\/index.php?rest_route=\/wp\/v2\/pages\/5","targetHints":{"allow":["GET"]}}],"collection":[{"href":"http:\/\/rueckhof.de\/site\/index.php?rest_route=\/wp\/v2\/pages"}],"about":[{"href":"http:\/\/rueckhof.de\/site\/index.php?rest_route=\/wp\/v2\/types\/page"}],"author":[{"embeddable":true,"href":"http:\/\/rueckhof.de\/site\/index.php?rest_route=\/wp\/v2\/users\/1"}],"replies":[{"embeddable":true,"href":"http:\/\/rueckhof.de\/site\/index.php?rest_route=%2Fwp%2Fv2%2Fcomments&post=5"}],"version-history":[{"count":10,"href":"http:\/\/rueckhof.de\/site\/index.php?rest_route=\/wp\/v2\/pages\/5\/revisions"}],"predecessor-version":[{"id":222,"href":"http:\/\/rueckhof.de\/site\/index.php?rest_route=\/wp\/v2\/pages\/5\/revisions\/222"}],"wp:attachment":[{"href":"http:\/\/rueckhof.de\/site\/index.php?rest_route=%2Fwp%2Fv2%2Fmedia&parent=5"}],"curies":[{"name":"wp","href":"https:\/\/api.w.org\/{rel}","templated":true}]}}