{"id":61,"date":"2021-06-25T23:03:37","date_gmt":"2021-06-25T21:03:37","guid":{"rendered":"http:\/\/rueckhof.de\/site\/?page_id=61"},"modified":"2023-05-22T19:20:40","modified_gmt":"2023-05-22T17:20:40","slug":"freizeit","status":"publish","type":"page","link":"http:\/\/rueckhof.de\/site\/?page_id=61","title":{"rendered":"Freizeit"},"content":{"rendered":"\n<div class=\"wp-block-group\"><div class=\"wp-block-group__inner-container is-layout-flow wp-block-group-is-layout-flow\">\n<div class=\"wp-block-columns is-layout-flex wp-container-core-columns-is-layout-9d6595d7 wp-block-columns-is-layout-flex\">\n<div class=\"wp-block-column is-layout-flow wp-block-column-is-layout-flow\">\n<figure class=\"wp-block-image is-style-twentytwentyone-border\"><img decoding=\"async\" src=\"http:\/\/rueckhof.de\/site\/wp-content\/uploads\/2021\/06\/2Z9A6522-1-1024x683.jpg\" alt=\"\"\/><\/figure>\n\n\n\n<p class=\"has-white-background-color has-background\" style=\"font-size:18px\">K\u00fche auf der Weide und im Stall beobachten<\/p>\n<\/div>\n\n\n\n<div class=\"wp-block-column is-layout-flow wp-block-column-is-layout-flow\">\n<figure class=\"wp-block-image is-style-twentytwentyone-border\"><img decoding=\"async\" src=\"http:\/\/rueckhof.de\/site\/wp-content\/uploads\/2021\/06\/2Z9A6713-1-1024x683.jpg\" alt=\"\"\/><\/figure>\n\n\n\n<p class=\"has-white-background-color has-background has-small-font-size\">kostenloses Angeln im hofeigenen Weiher, im Sommer kann auch gerne gebadet werden<\/p>\n<\/div>\n<\/div>\n<\/div><\/div>\n\n\n\n<hr class=\"wp-block-separator has-css-opacity\"\/>\n\n\n\n<div class=\"wp-block-columns is-layout-flex wp-container-core-columns-is-layout-9d6595d7 wp-block-columns-is-layout-flex\">\n<div class=\"wp-block-column is-layout-flow wp-block-column-is-layout-flow\">\n<figure class=\"wp-block-image size-large is-style-twentytwentyone-border\"><img loading=\"lazy\" decoding=\"async\" width=\"1024\" height=\"768\" src=\"http:\/\/rueckhof.de\/site\/wp-content\/uploads\/2021\/06\/DSCF4884-1024x768.jpg\" alt=\"\" class=\"wp-image-170\" srcset=\"http:\/\/rueckhof.de\/site\/wp-content\/uploads\/2021\/06\/DSCF4884-1024x768.jpg 1024w, http:\/\/rueckhof.de\/site\/wp-content\/uploads\/2021\/06\/DSCF4884-300x225.jpg 300w, http:\/\/rueckhof.de\/site\/wp-content\/uploads\/2021\/06\/DSCF4884-768x576.jpg 768w, http:\/\/rueckhof.de\/site\/wp-content\/uploads\/2021\/06\/DSCF4884-1536x1152.jpg 1536w, http:\/\/rueckhof.de\/site\/wp-content\/uploads\/2021\/06\/DSCF4884-2048x1536.jpg 2048w, http:\/\/rueckhof.de\/site\/wp-content\/uploads\/2021\/06\/DSCF4884-1568x1176.jpg 1568w\" sizes=\"auto, (max-width: 1024px) 100vw, 1024px\" \/><\/figure>\n\n\n\n<p class=\"has-white-background-color has-background has-small-font-size\">im Pavillon grillen und den Tag ausklingen lassen<\/p>\n<\/div>\n\n\n\n<div class=\"wp-block-column is-layout-flow wp-block-column-is-layout-flow\">\n<figure class=\"wp-block-image size-large is-style-twentytwentyone-border\"><img loading=\"lazy\" decoding=\"async\" width=\"1024\" height=\"768\" src=\"http:\/\/rueckhof.de\/site\/wp-content\/uploads\/2021\/06\/DSCF4902-1024x768.jpg\" alt=\"\" class=\"wp-image-175\" srcset=\"http:\/\/rueckhof.de\/site\/wp-content\/uploads\/2021\/06\/DSCF4902-1024x768.jpg 1024w, http:\/\/rueckhof.de\/site\/wp-content\/uploads\/2021\/06\/DSCF4902-300x225.jpg 300w, http:\/\/rueckhof.de\/site\/wp-content\/uploads\/2021\/06\/DSCF4902-768x576.jpg 768w, http:\/\/rueckhof.de\/site\/wp-content\/uploads\/2021\/06\/DSCF4902-1536x1152.jpg 1536w, http:\/\/rueckhof.de\/site\/wp-content\/uploads\/2021\/06\/DSCF4902-2048x1536.jpg 2048w, http:\/\/rueckhof.de\/site\/wp-content\/uploads\/2021\/06\/DSCF4902-1568x1176.jpg 1568w\" sizes=\"auto, (max-width: 1024px) 100vw, 1024px\" \/><\/figure>\n\n\n\n<p class=\"has-white-background-color has-background has-small-font-size\">die Natur genie\u00dfen und die sch\u00f6nen Blumen bewundern<\/p>\n<\/div>\n<\/div>\n\n\n\n<hr class=\"wp-block-separator has-css-opacity\"\/>\n\n\n\n<div class=\"wp-block-columns is-layout-flex wp-container-core-columns-is-layout-9d6595d7 wp-block-columns-is-layout-flex\">\n<div class=\"wp-block-column has-yellow-color has-text-color is-layout-flow wp-block-column-is-layout-flow\">\n<figure class=\"wp-block-image size-large is-style-twentytwentyone-border\"><img loading=\"lazy\" decoding=\"async\" width=\"1024\" height=\"768\" src=\"http:\/\/rueckhof.de\/site\/wp-content\/uploads\/2021\/06\/20190518_121711-1024x768.jpg\" alt=\"\" class=\"wp-image-138\" srcset=\"http:\/\/rueckhof.de\/site\/wp-content\/uploads\/2021\/06\/20190518_121711-1024x768.jpg 1024w, http:\/\/rueckhof.de\/site\/wp-content\/uploads\/2021\/06\/20190518_121711-300x225.jpg 300w, http:\/\/rueckhof.de\/site\/wp-content\/uploads\/2021\/06\/20190518_121711-768x576.jpg 768w, http:\/\/rueckhof.de\/site\/wp-content\/uploads\/2021\/06\/20190518_121711-1536x1152.jpg 1536w, http:\/\/rueckhof.de\/site\/wp-content\/uploads\/2021\/06\/20190518_121711-2048x1536.jpg 2048w, http:\/\/rueckhof.de\/site\/wp-content\/uploads\/2021\/06\/20190518_121711-1568x1176.jpg 1568w\" sizes=\"auto, (max-width: 1024px) 100vw, 1024px\" \/><\/figure>\n\n\n\n<p class=\"has-white-background-color has-background has-small-font-size\">mit dem gro\u00dfen Traktoren bei den Feldarbeiten und bei der Ernte mitfahren<\/p>\n\n\n\n<hr class=\"wp-block-separator has-css-opacity\"\/>\n\n\n\n<figure class=\"wp-block-image size-large is-resized is-style-twentytwentyone-border\"><img decoding=\"async\" src=\"http:\/\/rueckhof.de\/site\/wp-content\/uploads\/2021\/06\/20210626_193812-edited-scaled.jpg\" alt=\"\" class=\"wp-image-154\" width=\"291\" height=\"-67\" srcset=\"http:\/\/rueckhof.de\/site\/wp-content\/uploads\/2021\/06\/20210626_193812-edited-scaled.jpg 2560w, http:\/\/rueckhof.de\/site\/wp-content\/uploads\/2021\/06\/20210626_193812-edited-300x226.jpg 300w, http:\/\/rueckhof.de\/site\/wp-content\/uploads\/2021\/06\/20210626_193812-edited-1024x771.jpg 1024w, http:\/\/rueckhof.de\/site\/wp-content\/uploads\/2021\/06\/20210626_193812-edited-768x578.jpg 768w, http:\/\/rueckhof.de\/site\/wp-content\/uploads\/2021\/06\/20210626_193812-edited-1536x1156.jpg 1536w, http:\/\/rueckhof.de\/site\/wp-content\/uploads\/2021\/06\/20210626_193812-edited-2048x1541.jpg 2048w, http:\/\/rueckhof.de\/site\/wp-content\/uploads\/2021\/06\/20210626_193812-edited-1568x1180.jpg 1568w\" sizes=\"(max-width: 2560px) 100vw, 2560px\" \/><\/figure>\n\n\n\n<p class=\"has-black-color has-white-background-color has-text-color has-background has-small-font-size\">zu Fu\u00df oder mit dem Rad zum Eixendorfer Stausee<\/p>\n<\/div>\n\n\n\n<div class=\"wp-block-column is-layout-flow wp-block-column-is-layout-flow\">\n<figure class=\"wp-block-image size-large is-resized is-style-twentytwentyone-border\"><img loading=\"lazy\" decoding=\"async\" src=\"http:\/\/rueckhof.de\/site\/wp-content\/uploads\/2021\/06\/image.png\" alt=\"\" class=\"wp-image-185\" width=\"290\" height=\"162\" srcset=\"http:\/\/rueckhof.de\/site\/wp-content\/uploads\/2021\/06\/image.png 960w, http:\/\/rueckhof.de\/site\/wp-content\/uploads\/2021\/06\/image-300x169.png 300w, http:\/\/rueckhof.de\/site\/wp-content\/uploads\/2021\/06\/image-768x432.png 768w\" sizes=\"auto, (max-width: 290px) 100vw, 290px\" \/><\/figure>\n\n\n\n<figure class=\"wp-block-image size-large is-style-twentytwentyone-border\"><img loading=\"lazy\" decoding=\"async\" width=\"1024\" height=\"768\" src=\"http:\/\/rueckhof.de\/site\/wp-content\/uploads\/2021\/11\/S0285084-1024x768.jpg\" alt=\"\" class=\"wp-image-228\" srcset=\"http:\/\/rueckhof.de\/site\/wp-content\/uploads\/2021\/11\/S0285084-1024x768.jpg 1024w, http:\/\/rueckhof.de\/site\/wp-content\/uploads\/2021\/11\/S0285084-300x225.jpg 300w, http:\/\/rueckhof.de\/site\/wp-content\/uploads\/2021\/11\/S0285084-768x576.jpg 768w, http:\/\/rueckhof.de\/site\/wp-content\/uploads\/2021\/11\/S0285084-1536x1152.jpg 1536w, http:\/\/rueckhof.de\/site\/wp-content\/uploads\/2021\/11\/S0285084-2048x1536.jpg 2048w, http:\/\/rueckhof.de\/site\/wp-content\/uploads\/2021\/11\/S0285084-1568x1176.jpg 1568w\" sizes=\"auto, (max-width: 1024px) 100vw, 1024px\" \/><\/figure>\n\n\n\n<figure class=\"wp-block-image size-large is-style-twentytwentyone-border\"><img loading=\"lazy\" decoding=\"async\" width=\"1024\" height=\"768\" src=\"http:\/\/rueckhof.de\/site\/wp-content\/uploads\/2021\/11\/DSCF5180-1024x768.jpg\" alt=\"\" class=\"wp-image-230\" srcset=\"http:\/\/rueckhof.de\/site\/wp-content\/uploads\/2021\/11\/DSCF5180-1024x768.jpg 1024w, http:\/\/rueckhof.de\/site\/wp-content\/uploads\/2021\/11\/DSCF5180-300x225.jpg 300w, http:\/\/rueckhof.de\/site\/wp-content\/uploads\/2021\/11\/DSCF5180-768x576.jpg 768w, http:\/\/rueckhof.de\/site\/wp-content\/uploads\/2021\/11\/DSCF5180-1536x1152.jpg 1536w, http:\/\/rueckhof.de\/site\/wp-content\/uploads\/2021\/11\/DSCF5180-2048x1536.jpg 2048w, http:\/\/rueckhof.de\/site\/wp-content\/uploads\/2021\/11\/DSCF5180-1568x1176.jpg 1568w\" sizes=\"auto, (max-width: 1024px) 100vw, 1024px\" \/><\/figure>\n\n\n\n<p class=\"has-white-background-color has-background has-small-font-size\">unsere liebe H\u00fcndin Maja, unsere 6 Katzen und die Ponys Marie, Gersemi und Freya streicheln<\/p>\n<\/div>\n<\/div>\n\n\n\n<p>.<\/p>\n\n\n\n<hr class=\"wp-block-separator has-css-opacity\"\/>\n\n\n\n<p class=\"has-white-background-color has-background\">Weitere Tipps f\u00fcr die Freizeitgestaltung gibt es hier:<\/p>\n\n\n\n<p class=\"has-white-background-color has-background\"><a href=\"http:\/\/www.oberpfaelzer-seenland.de\" data-type=\"URL\" data-id=\"www.oberpfaelzer-seenland.de\">www.oberpfaelzer-seenland.de<\/a><\/p>\n\n\n\n<p class=\"has-white-background-color has-background\"><a href=\"http:\/\/www.bayerischer-wald.de\" data-type=\"URL\" data-id=\"http:\/\/www.bayerischer-wald.de\">www.bayerischer-wald.de<\/a><\/p>\n\n\n\n<p class=\"has-white-background-color has-background\"><a href=\"http:\/\/www.oberpfaelzerwald.de\" data-type=\"URL\" data-id=\"www.oberpfaelzerwald.de\">www.oberpfaelzerwald.de<\/a><\/p>\n","protected":false},"excerpt":{"rendered":"<p>K\u00fche auf der Weide und im Stall beobachten kostenloses Angeln im hofeigenen Weiher, im Sommer kann auch gerne gebadet werden im Pavillon grillen und den Tag ausklingen lassen die Natur genie\u00dfen und die sch\u00f6nen Blumen bewundern mit dem gro\u00dfen Traktoren bei den Feldarbeiten und bei der Ernte mitfahren zu Fu\u00df oder mit dem Rad zum&hellip; <a class=\"more-link\" href=\"http:\/\/rueckhof.de\/site\/?page_id=61\"><span class=\"screen-reader-text\">Freizeit<\/span> weiterlesen<\/a><\/p>\n","protected":false},"author":1,"featured_media":0,"parent":0,"menu_order":0,"comment_status":"closed","ping_status":"closed","template":"","meta":{"footnotes":""},"class_list":["post-61","page","type-page","status-publish","hentry","entry"],"_links":{"self":[{"href":"http:\/\/rueckhof.de\/site\/index.php?rest_route=\/wp\/v2\/pages\/61","targetHints":{"allow":["GET"]}}],"collection":[{"href":"http:\/\/rueckhof.de\/site\/index.php?rest_route=\/wp\/v2\/pages"}],"about":[{"href":"http:\/\/rueckhof.de\/site\/index.php?rest_route=\/wp\/v2\/types\/page"}],"author":[{"embeddable":true,"href":"http:\/\/rueckhof.de\/site\/index.php?rest_route=\/wp\/v2\/users\/1"}],"replies":[{"embeddable":true,"href":"http:\/\/rueckhof.de\/site\/index.php?rest_route=%2Fwp%2Fv2%2Fcomments&post=61"}],"version-history":[{"count":10,"href":"http:\/\/rueckhof.de\/site\/index.php?rest_route=\/wp\/v2\/pages\/61\/revisions"}],"predecessor-version":[{"id":269,"href":"http:\/\/rueckhof.de\/site\/index.php?rest_route=\/wp\/v2\/pages\/61\/revisions\/269"}],"wp:attachment":[{"href":"http:\/\/rueckhof.de\/site\/index.php?rest_route=%2Fwp%2Fv2%2Fmedia&parent=61"}],"curies":[{"name":"wp","href":"https:\/\/api.w.org\/{rel}","templated":true}]}}